{"id":12561,"date":"2024-05-26T15:54:38","date_gmt":"2024-05-26T12:24:38","guid":{"rendered":"https:\/\/starsteel.com.tr\/new\/filmasin\/"},"modified":"2025-06-01T12:04:05","modified_gmt":"2025-06-01T08:34:05","slug":"wire-rod","status":"publish","type":"page","link":"https:\/\/starsteel.com.tr\/en\/wire-rod\/","title":{"rendered":"Wire Rod"},"content":{"rendered":"\t\t<div data-elementor-type=\"wp-page\" data-elementor-id=\"12561\" class=\"elementor elementor-12561\" data-elementor-settings=\"{&quot;ha_cmc_init_switcher&quot;:&quot;no&quot;}\" data-elementor-post-type=\"page\">\n\t\t\t\t<div class=\"elementor-element elementor-element-cdbdb26 e-flex e-con-boxed e-con e-parent\" data-id=\"cdbdb26\" data-element_type=\"container\" data-settings=\"{&quot;_ha_eqh_enable&quot;:false}\">\n\t\t\t\t\t<div class=\"e-con-inner\">\n\t\t\t\t<div class=\"elementor-element elementor-element-19253a5 elementor-widget elementor-widget-react-heading\" data-id=\"19253a5\" data-element_type=\"widget\" data-widget_type=\"react-heading.default\">\n\t\t\t\t<div class=\"elementor-widget-container\">\n\t\t\t\t\t\t  \r\n        <div class=\"react-heading default title-border-no\">\r\n             \t\t      \t\t\r\n\t            <span class=\"sub-text\" data-aos-delay=\"200\" data-aos=\"fade-up\" data-aos-duration=\"800\" data-aos-once=\"true\">Star Steel<\/span><h2 class=\"title\" data-aos-delay=\"300\" data-aos=\"fade-up\" data-aos-duration=\"800\" data-aos-once=\"true\">Wire Rod<\/h2>\t     \r\n\t\t\t\t        \r\n\t            \r\n        <\/div>\r\n        \t\t\t\t<\/div>\n\t\t\t\t<\/div>\n\t\t\t\t\t<\/div>\n\t\t\t\t<\/div>\n\t\t<div class=\"elementor-element elementor-element-a1da54c e-flex e-con-boxed e-con e-parent\" data-id=\"a1da54c\" data-element_type=\"container\" data-settings=\"{&quot;_ha_eqh_enable&quot;:false}\">\n\t\t\t\t\t<div class=\"e-con-inner\">\n\t\t\t\t<div class=\"elementor-element elementor-element-6211ab8 elementor-widget elementor-widget-react-blog\" data-id=\"6211ab8\" data-element_type=\"widget\" data-widget_type=\"react-blog.default\">\n\t\t\t\t<div class=\"elementor-widget-container\">\n\t\t\t\t\t\r\n\t\t<div class=\"reactheme-blog-grid2x reactheme-blog-grid blog--style5\">            \r\n\r\n            <div class=\"row blog-gird-item\">\r\n                \r\n\t\t\t \t<div class=\"grid-item col-lg-4 col-md-12 col-sm-12  filter_wire-rod \">\r\n    <div class=\"align-items-center no-gutter blog-item reactheme-blog-grid1\">\r\n            <div class=\"col-md-12 top-image-cat\">\r\n        \r\n            <div class=\"image-part\">\r\n            \r\n                    <a href=\"https:\/\/starsteel.com.tr\/en\/st-5sp-steel-wire-rod\/\">\r\n                        <img fetchpriority=\"high\" decoding=\"async\" width=\"640\" height=\"640\" src=\"https:\/\/starsteel.com.tr\/wp-content\/uploads\/2024\/04\/Wire-Rods.jpg?wsr\" class=\"attachment-large size-large wp-post-image\" alt=\"\" srcset=\"https:\/\/starsteel.com.tr\/wp-content\/uploads\/2024\/04\/Wire-Rods.jpg 1024w, https:\/\/starsteel.com.tr\/wp-content\/uploads\/2024\/04\/Wire-Rods-300x300.jpg 300w, https:\/\/starsteel.com.tr\/wp-content\/uploads\/2024\/04\/Wire-Rods-150x150.jpg 150w, https:\/\/starsteel.com.tr\/wp-content\/uploads\/2024\/04\/Wire-Rods-768x768.jpg 768w, https:\/\/starsteel.com.tr\/wp-content\/uploads\/2024\/04\/Wire-Rods-87x87.jpg 87w\" sizes=\"(max-width: 640px) 100vw, 640px\" \/>                    <\/a>\r\n                \r\n                                <\/div>\r\n        \r\n        <\/div>\r\n                <div class=\"col-md-12 content--column\">\r\n            <div class=\"blog-content\">        \r\n                            <h3 class=\"title dd\"><a href=\"https:\/\/starsteel.com.tr\/en\/st-5sp-steel-wire-rod\/\">ST-5sp Steel Wire Rod<\/a><\/h3>\r\n                                    <p class=\"txt\">ST5-sp Steel Wire Rod Wire rod or steel wire has many uses in industries and construction. The industrial...<\/p>\r\n                                                    <div class=\"btn-part\">\r\n                        <a class=\"readon-arrow\" href=\"https:\/\/starsteel.com.tr\/en\/st-5sp-steel-wire-rod\/\">\r\n                            Read More <i class=\"fa fa fa-angle-right\"><\/i>\r\n                        <\/a>\r\n                    <\/div>\r\n                            <\/div>\r\n        <\/div>\r\n    <\/div>\r\n<\/div>                            \r\n                  \r\n\t\t\t\t\t<div class=\"grid-item col-lg-4 col-md-12 col-sm-12  filter_wire-rod \">\r\n    <div class=\"align-items-center no-gutter blog-item reactheme-blog-grid1\">\r\n            <div class=\"col-md-12 top-image-cat\">\r\n        \r\n            <div class=\"image-part\">\r\n            \r\n                    <a href=\"https:\/\/starsteel.com.tr\/en\/st-3sp-steel-wire-rod\/\">\r\n                        <img fetchpriority=\"high\" decoding=\"async\" width=\"640\" height=\"640\" src=\"https:\/\/starsteel.com.tr\/wp-content\/uploads\/2024\/04\/Wire-Rods.jpg?wsr\" class=\"attachment-large size-large wp-post-image\" alt=\"\" srcset=\"https:\/\/starsteel.com.tr\/wp-content\/uploads\/2024\/04\/Wire-Rods.jpg 1024w, https:\/\/starsteel.com.tr\/wp-content\/uploads\/2024\/04\/Wire-Rods-300x300.jpg 300w, https:\/\/starsteel.com.tr\/wp-content\/uploads\/2024\/04\/Wire-Rods-150x150.jpg 150w, https:\/\/starsteel.com.tr\/wp-content\/uploads\/2024\/04\/Wire-Rods-768x768.jpg 768w, https:\/\/starsteel.com.tr\/wp-content\/uploads\/2024\/04\/Wire-Rods-87x87.jpg 87w\" sizes=\"(max-width: 640px) 100vw, 640px\" \/>                    <\/a>\r\n                \r\n                                <\/div>\r\n        \r\n        <\/div>\r\n                <div class=\"col-md-12 content--column\">\r\n            <div class=\"blog-content\">        \r\n                            <h3 class=\"title dd\"><a href=\"https:\/\/starsteel.com.tr\/en\/st-3sp-steel-wire-rod\/\">ST-3sp Steel Wire Rod<\/a><\/h3>\r\n                                    <p class=\"txt\">ST3-sp Steel Wire Rod Wire rod or steel wire has many uses in industries and construction. The industrial...<\/p>\r\n                                                    <div class=\"btn-part\">\r\n                        <a class=\"readon-arrow\" href=\"https:\/\/starsteel.com.tr\/en\/st-3sp-steel-wire-rod\/\">\r\n                            Read More <i class=\"fa fa fa-angle-right\"><\/i>\r\n                        <\/a>\r\n                    <\/div>\r\n                            <\/div>\r\n        <\/div>\r\n    <\/div>\r\n<\/div>                            \r\n                  \r\n\t\t\t\t\t<div class=\"grid-item col-lg-4 col-md-12 col-sm-12  filter_wire-rod \">\r\n    <div class=\"align-items-center no-gutter blog-item reactheme-blog-grid1\">\r\n            <div class=\"col-md-12 top-image-cat\">\r\n        \r\n            <div class=\"image-part\">\r\n            \r\n                    <a href=\"https:\/\/starsteel.com.tr\/en\/rst34-steel-wire-rod\/\">\r\n                        <img fetchpriority=\"high\" decoding=\"async\" width=\"640\" height=\"640\" src=\"https:\/\/starsteel.com.tr\/wp-content\/uploads\/2024\/04\/Wire-Rods.jpg?wsr\" class=\"attachment-large size-large wp-post-image\" alt=\"\" srcset=\"https:\/\/starsteel.com.tr\/wp-content\/uploads\/2024\/04\/Wire-Rods.jpg 1024w, https:\/\/starsteel.com.tr\/wp-content\/uploads\/2024\/04\/Wire-Rods-300x300.jpg 300w, https:\/\/starsteel.com.tr\/wp-content\/uploads\/2024\/04\/Wire-Rods-150x150.jpg 150w, https:\/\/starsteel.com.tr\/wp-content\/uploads\/2024\/04\/Wire-Rods-768x768.jpg 768w, https:\/\/starsteel.com.tr\/wp-content\/uploads\/2024\/04\/Wire-Rods-87x87.jpg 87w\" sizes=\"(max-width: 640px) 100vw, 640px\" \/>                    <\/a>\r\n                \r\n                                <\/div>\r\n        \r\n        <\/div>\r\n                <div class=\"col-md-12 content--column\">\r\n            <div class=\"blog-content\">        \r\n                            <h3 class=\"title dd\"><a href=\"https:\/\/starsteel.com.tr\/en\/rst34-steel-wire-rod\/\">Rst34 Steel Wire Rod<\/a><\/h3>\r\n                                    <p class=\"txt\">Rst34 Steel Wire Rod Wire rod Rst34 - low carbon material from which wire rod and round wire...<\/p>\r\n                                                    <div class=\"btn-part\">\r\n                        <a class=\"readon-arrow\" href=\"https:\/\/starsteel.com.tr\/en\/rst34-steel-wire-rod\/\">\r\n                            Read More <i class=\"fa fa fa-angle-right\"><\/i>\r\n                        <\/a>\r\n                    <\/div>\r\n                            <\/div>\r\n        <\/div>\r\n    <\/div>\r\n<\/div>                            \r\n                  \r\n\t\t\t\t\t<div class=\"grid-item col-lg-4 col-md-12 col-sm-12  filter_wire-rod \">\r\n    <div class=\"align-items-center no-gutter blog-item reactheme-blog-grid1\">\r\n            <div class=\"col-md-12 top-image-cat\">\r\n        \r\n            <div class=\"image-part\">\r\n            \r\n                    <a href=\"https:\/\/starsteel.com.tr\/en\/sae-1018-wire-rod\/\">\r\n                        <img fetchpriority=\"high\" decoding=\"async\" width=\"640\" height=\"640\" src=\"https:\/\/starsteel.com.tr\/wp-content\/uploads\/2024\/04\/Wire-Rods.jpg?wsr\" class=\"attachment-large size-large wp-post-image\" alt=\"\" srcset=\"https:\/\/starsteel.com.tr\/wp-content\/uploads\/2024\/04\/Wire-Rods.jpg 1024w, https:\/\/starsteel.com.tr\/wp-content\/uploads\/2024\/04\/Wire-Rods-300x300.jpg 300w, https:\/\/starsteel.com.tr\/wp-content\/uploads\/2024\/04\/Wire-Rods-150x150.jpg 150w, https:\/\/starsteel.com.tr\/wp-content\/uploads\/2024\/04\/Wire-Rods-768x768.jpg 768w, https:\/\/starsteel.com.tr\/wp-content\/uploads\/2024\/04\/Wire-Rods-87x87.jpg 87w\" sizes=\"(max-width: 640px) 100vw, 640px\" \/>                    <\/a>\r\n                \r\n                                <\/div>\r\n        \r\n        <\/div>\r\n                <div class=\"col-md-12 content--column\">\r\n            <div class=\"blog-content\">        \r\n                            <h3 class=\"title dd\"><a href=\"https:\/\/starsteel.com.tr\/en\/sae-1018-wire-rod\/\">SAE 1018 Wire Rod<\/a><\/h3>\r\n                                    <p class=\"txt\">SAE 1018 Wire Rod Wire rod or steel wire has many uses in industries and construction. The industrial...<\/p>\r\n                                                    <div class=\"btn-part\">\r\n                        <a class=\"readon-arrow\" href=\"https:\/\/starsteel.com.tr\/en\/sae-1018-wire-rod\/\">\r\n                            Read More <i class=\"fa fa fa-angle-right\"><\/i>\r\n                        <\/a>\r\n                    <\/div>\r\n                            <\/div>\r\n        <\/div>\r\n    <\/div>\r\n<\/div>                            \r\n                  \r\n\t\t\t\t\t<div class=\"grid-item col-lg-4 col-md-12 col-sm-12  filter_wire-rod \">\r\n    <div class=\"align-items-center no-gutter blog-item reactheme-blog-grid1\">\r\n            <div class=\"col-md-12 top-image-cat\">\r\n        \r\n            <div class=\"image-part\">\r\n            \r\n                    <a href=\"https:\/\/starsteel.com.tr\/en\/sae-1006-steel-wire-rod\/\">\r\n                        <img fetchpriority=\"high\" decoding=\"async\" width=\"640\" height=\"640\" src=\"https:\/\/starsteel.com.tr\/wp-content\/uploads\/2024\/04\/Wire-Rods.jpg?wsr\" class=\"attachment-large size-large wp-post-image\" alt=\"\" srcset=\"https:\/\/starsteel.com.tr\/wp-content\/uploads\/2024\/04\/Wire-Rods.jpg 1024w, https:\/\/starsteel.com.tr\/wp-content\/uploads\/2024\/04\/Wire-Rods-300x300.jpg 300w, https:\/\/starsteel.com.tr\/wp-content\/uploads\/2024\/04\/Wire-Rods-150x150.jpg 150w, https:\/\/starsteel.com.tr\/wp-content\/uploads\/2024\/04\/Wire-Rods-768x768.jpg 768w, https:\/\/starsteel.com.tr\/wp-content\/uploads\/2024\/04\/Wire-Rods-87x87.jpg 87w\" sizes=\"(max-width: 640px) 100vw, 640px\" \/>                    <\/a>\r\n                \r\n                                <\/div>\r\n        \r\n        <\/div>\r\n                <div class=\"col-md-12 content--column\">\r\n            <div class=\"blog-content\">        \r\n                            <h3 class=\"title dd\"><a href=\"https:\/\/starsteel.com.tr\/en\/sae-1006-steel-wire-rod\/\">SAE-1006 Steel Wire Rod<\/a><\/h3>\r\n                                    <p class=\"txt\">SAE-1006 Steel Wire Rod Wire rod or steel wire has many uses in industries and construction. The industrial...<\/p>\r\n                                                    <div class=\"btn-part\">\r\n                        <a class=\"readon-arrow\" href=\"https:\/\/starsteel.com.tr\/en\/sae-1006-steel-wire-rod\/\">\r\n                            Read More <i class=\"fa fa fa-angle-right\"><\/i>\r\n                        <\/a>\r\n                    <\/div>\r\n                            <\/div>\r\n        <\/div>\r\n    <\/div>\r\n<\/div>                            \r\n                  \r\n\t\t\t\t\t<div class=\"grid-item col-lg-4 col-md-12 col-sm-12  filter_wire-rod \">\r\n    <div class=\"align-items-center no-gutter blog-item reactheme-blog-grid1\">\r\n            <div class=\"col-md-12 top-image-cat\">\r\n        \r\n            <div class=\"image-part\">\r\n            \r\n                    <a href=\"https:\/\/starsteel.com.tr\/en\/sae-1008-steel-wire-rod\/\">\r\n                        <img fetchpriority=\"high\" decoding=\"async\" width=\"640\" height=\"640\" src=\"https:\/\/starsteel.com.tr\/wp-content\/uploads\/2024\/04\/Wire-Rods.jpg?wsr\" class=\"attachment-large size-large wp-post-image\" alt=\"\" srcset=\"https:\/\/starsteel.com.tr\/wp-content\/uploads\/2024\/04\/Wire-Rods.jpg 1024w, https:\/\/starsteel.com.tr\/wp-content\/uploads\/2024\/04\/Wire-Rods-300x300.jpg 300w, https:\/\/starsteel.com.tr\/wp-content\/uploads\/2024\/04\/Wire-Rods-150x150.jpg 150w, https:\/\/starsteel.com.tr\/wp-content\/uploads\/2024\/04\/Wire-Rods-768x768.jpg 768w, https:\/\/starsteel.com.tr\/wp-content\/uploads\/2024\/04\/Wire-Rods-87x87.jpg 87w\" sizes=\"(max-width: 640px) 100vw, 640px\" \/>                    <\/a>\r\n                \r\n                                <\/div>\r\n        \r\n        <\/div>\r\n                <div class=\"col-md-12 content--column\">\r\n            <div class=\"blog-content\">        \r\n                            <h3 class=\"title dd\"><a href=\"https:\/\/starsteel.com.tr\/en\/sae-1008-steel-wire-rod\/\">SAE-1008 Steel Wire Rod<\/a><\/h3>\r\n                                    <p class=\"txt\">SAE-1008 Steel Wire Rod Wire rod or steel wire has many uses in industries and construction. The industrial...<\/p>\r\n                                                    <div class=\"btn-part\">\r\n                        <a class=\"readon-arrow\" href=\"https:\/\/starsteel.com.tr\/en\/sae-1008-steel-wire-rod\/\">\r\n                            Read More <i class=\"fa fa fa-angle-right\"><\/i>\r\n                        <\/a>\r\n                    <\/div>\r\n                            <\/div>\r\n        <\/div>\r\n    <\/div>\r\n<\/div>                            \r\n                  \r\n\t\t\t\t\t                 \r\n                         \r\n                <\/div>   \r\n                               \r\n            \t    \r\n                              \r\n\t\t<\/div>\r\n\t   \t\t\t\t<\/div>\n\t\t\t\t<\/div>\n\t\t\t\t\t<\/div>\n\t\t\t\t<\/div>\n\t\t\t\t<\/div>\n\t\t","protected":false},"excerpt":{"rendered":"<p>Star Steel Wire Rod ST-5sp Filma\u015fin SP-ST5 Filma\u015fin Filma\u015fin veya \u00e7elik telin end\u00fcstrilerde ve in\u015faatlarda bir\u00e7ok kullan\u0131m\u0131 vard\u0131r. Telin end\u00fcstriyel kullan\u0131m\u0131 in\u015faat kullan\u0131m\u0131ndan \u00e7ok&#8230; Read More ST-3sp Filma\u015fin ST3-sp Filma\u015fin Filma\u015fin veya \u00e7elik telin end\u00fcstrilerde ve in\u015faatlarda bir\u00e7ok kullan\u0131m\u0131 vard\u0131r. Telin end\u00fcstriyel kullan\u0131m\u0131 in\u015faat kullan\u0131m\u0131ndan \u00e7ok&#8230; Read More Rst34 Filma\u015fin Rst34 Filma\u015fin Rst34 teli in\u015faat&#8230;<\/p>\n","protected":false},"author":2,"featured_media":12090,"parent":0,"menu_order":0,"comment_status":"closed","ping_status":"closed","template":"","meta":{"footnotes":""},"class_list":["post-12561","page","type-page","status-publish","has-post-thumbnail","hentry"],"_links":{"self":[{"href":"https:\/\/starsteel.com.tr\/en\/wp-json\/wp\/v2\/pages\/12561","targetHints":{"allow":["GET"]}}],"collection":[{"href":"https:\/\/starsteel.com.tr\/en\/wp-json\/wp\/v2\/pages"}],"about":[{"href":"https:\/\/starsteel.com.tr\/en\/wp-json\/wp\/v2\/types\/page"}],"author":[{"embeddable":true,"href":"https:\/\/starsteel.com.tr\/en\/wp-json\/wp\/v2\/users\/2"}],"replies":[{"embeddable":true,"href":"https:\/\/starsteel.com.tr\/en\/wp-json\/wp\/v2\/comments?post=12561"}],"version-history":[{"count":24,"href":"https:\/\/starsteel.com.tr\/en\/wp-json\/wp\/v2\/pages\/12561\/revisions"}],"predecessor-version":[{"id":13433,"href":"https:\/\/starsteel.com.tr\/en\/wp-json\/wp\/v2\/pages\/12561\/revisions\/13433"}],"wp:featuredmedia":[{"embeddable":true,"href":"https:\/\/starsteel.com.tr\/en\/wp-json\/wp\/v2\/media\/12090"}],"wp:attachment":[{"href":"https:\/\/starsteel.com.tr\/en\/wp-json\/wp\/v2\/media?parent=12561"}],"curies":[{"name":"wp","href":"https:\/\/api.w.org\/{rel}","templated":true}]}}