{"id":13105,"date":"2024-05-20T15:07:23","date_gmt":"2024-05-20T11:37:23","guid":{"rendered":"https:\/\/starsteel.com.tr\/?page_id=13105"},"modified":"2025-08-12T13:13:37","modified_gmt":"2025-08-12T09:43:37","slug":"ceonun-mesaji","status":"publish","type":"page","link":"https:\/\/starsteel.com.tr\/en\/ceonun-mesaji\/","title":{"rendered":"Ceo&#8217;nun mesaj\u0131"},"content":{"rendered":"\t\t<div data-elementor-type=\"wp-page\" data-elementor-id=\"13105\" class=\"elementor elementor-13105\" data-elementor-settings=\"{&quot;ha_cmc_init_switcher&quot;:&quot;no&quot;}\" data-elementor-post-type=\"page\">\n\t\t\t\t<div class=\"elementor-element elementor-element-b5e33f6 e-flex e-con-boxed e-con e-parent\" data-id=\"b5e33f6\" data-element_type=\"container\" data-settings=\"{&quot;_ha_eqh_enable&quot;:false}\">\n\t\t\t\t\t<div class=\"e-con-inner\">\n\t\t\t\t<div class=\"elementor-element elementor-element-0e5551f elementor-widget elementor-widget-react-heading\" data-id=\"0e5551f\" data-element_type=\"widget\" data-widget_type=\"react-heading.default\">\n\t\t\t\t<div class=\"elementor-widget-container\">\n\t\t\t\t\t\t  \r\n        <div class=\"react-heading default title-border-no\">\r\n             \t\t      \t\t\r\n\t            <span class=\"sub-text\" data-aos-delay=\"200\" data-aos=\"fade-up\" data-aos-duration=\"800\" data-aos-once=\"true\">Star Steel<\/span><h2 class=\"title\" data-aos-delay=\"300\" data-aos=\"fade-up\" data-aos-duration=\"800\" data-aos-once=\"true\">Ceo\u2019nun mesaj\u0131 <\/h2>\t     \r\n\t\t\t\t        \r\n\t            \r\n        <\/div>\r\n        \t\t\t\t<\/div>\n\t\t\t\t<\/div>\n\t\t\t\t\t<\/div>\n\t\t\t\t<\/div>\n\t\t\t\t<section class=\"elementor-section elementor-top-section elementor-element elementor-element-80d2612 elementor-section-boxed elementor-section-height-default elementor-section-height-default\" data-id=\"80d2612\" data-element_type=\"section\" data-settings=\"{&quot;_ha_eqh_enable&quot;:false}\">\n\t\t\t\t\t\t<div class=\"elementor-container elementor-column-gap-default\">\n\t\t\t\t\t<div class=\"elementor-column elementor-col-100 elementor-top-column elementor-element elementor-element-5f311d9\" data-id=\"5f311d9\" data-element_type=\"column\">\n\t\t\t<div class=\"elementor-widget-wrap elementor-element-populated\">\n\t\t\t\t\t\t<div class=\"elementor-element elementor-element-e23f607 elementor-widget elementor-widget-rt-slider\" data-id=\"e23f607\" data-element_type=\"widget\" data-widget_type=\"rt-slider.default\">\n\t\t\t\t<div class=\"elementor-widget-container\">\n\t\t\t\t\t            <div class=\"slider-inner-wrapper\">\r\n                                <div class=\"swiper rt--slider slider-style2 rt_slider-33955\">\r\n                                        <div class=\"swiper-wrapper\">                   \r\n                    <div class=\"swiper-slide\">\r\n    <div  class=\"single--item\">\r\n        <div class=\"content--box\">\r\n            <div class=\"banner-image\">\r\n                <img decoding=\"async\" class=\"banner-img\" src=\"https:\/\/starsteel.com.tr\/wp-content\/uploads\/2025\/05\/fluent_text-quote-16-regular.svg?wsr\" alt=\"Product Image\">\r\n                                \r\n            <\/div>\r\n            <div class=\"description\">\r\n                <div class=\"desc\">\r\n                    <p style=\"text-align: justify\">G\u00fcn\u00fcm\u00fczde bir\u00e7ok insan sevdiklerine g\u00fcvenli bir ortam sa\u011flama konusunda endi\u015fe duymaktad\u0131r ve \u00e7elik \u00fcr\u00fcnleri, otomotiv ve in\u015faat gibi \u00e7e\u015fitli sekt\u00f6rlerdeki t\u00fcketim alanlar\u0131 nedeniyle bu alanlar\u0131n son t\u00fcketicilerinin g\u00fcnl\u00fck zorluklar\u0131n\u0131n bu k\u0131sm\u0131yla yak\u0131ndan ili\u015fkili oldu\u011fundan. Bu nedenle tedarik\u00e7i olarak hizmetlerimizi geni\u015fletmeyi, \u00fcr\u00fcn tedarikimizi art\u0131rmay\u0131 ve pazara sunulan \u00fcr\u00fcnlerin kalitesini her ge\u00e7en g\u00fcn iyile\u015ftirmeyi, m\u00fc\u015fterilerimizin zihninde bu g\u00fcvenli\u011fi yaratma iste\u011fimizi ve ba\u011fl\u0131l\u0131\u011f\u0131m\u0131z\u0131 g\u00f6stermeyi taahh\u00fct ediyoruz. Ve bu g\u00f6revlerde a\u015fa\u011f\u0131dakileri bu a\u015fk\u0131n yolun bir par\u00e7as\u0131 olarak g\u00f6rd\u00fck:<\/p><p style=\"text-align: justify\">\u00dcretilen \u00fcr\u00fcnlerin bitmi\u015f fiyat\u0131n\u0131 d\u00fc\u015f\u00fcrmenin yan\u0131 s\u0131ra \u00fcr\u00fcn kalitesini ve miktar\u0131n\u0131 art\u0131rmak i\u00e7in yarat\u0131c\u0131 ve yenilik\u00e7i olmaya \u00e7al\u0131\u015fmak.<\/p><p style=\"text-align: justify\">\u015eirketin faaliyetlerinin ana oda\u011f\u0131 olarak g\u00f6rev ve taahh\u00fctlerin zaman\u0131nda yerine getirilmesi.<\/p><p style=\"text-align: justify\">M\u00fc\u015fterilere hizmet verebilmek i\u00e7in \u00e7al\u0131\u015fanlar\u0131n yarat\u0131c\u0131l\u0131\u011f\u0131n\u0131n ortaya \u00e7\u0131kmas\u0131na yatk\u0131n bir ortam yaratabilmek i\u00e7in do\u011fru organizasyonla \u015firketin en de\u011ferli sermayesi olarak \u00e7al\u0131\u015fanlar\u0131n insani de\u011ferini ve sayg\u0131nl\u0131\u011f\u0131n\u0131 korumak, hedefe y\u00f6nelik e\u011fitim uygulamak, uygun bir \u00e7al\u0131\u015fma ortam\u0131 yaratmak ve kat\u0131l\u0131m ve motivasyon duygusunu artt\u0131rmak.<\/p><p style=\"text-align: justify\">K\u00fcresel pazarlarda g\u00fc\u00e7l\u00fc bir varl\u0131\u011fa ilgi.<\/p><p style=\"text-align: justify\">Bu politikan\u0131n iyi bir \u015fekilde uygulanmas\u0131n\u0131 sa\u011flama sorumlulu\u011fu, \u015firketin \u00fcst y\u00f6netimi taraf\u0131ndan kar\u015f\u0131lan\u0131r ve yukar\u0131daki hedeflere ula\u015fman\u0131n \u015firketin t\u00fcm \u00e7al\u0131\u015fanlar\u0131n\u0131n kat\u0131l\u0131m\u0131n\u0131 ve i\u015fbirli\u011fini gerektirdi\u011fi dikkate al\u0131n\u0131r. B\u00f6ylece bu b\u00fcy\u00fck ailenin t\u00fcm \u00fcyeleri, faaliyetlerimizi yukar\u0131da belirtilen hedeflerle uyumlu hale getirmeyi kabul ettiler.<\/p>                <\/div>\r\n                \r\n                            \r\n            <\/div>            \r\n        <\/div>\r\n    <\/div>\r\n<\/div> \r\n                    <\/div>                \r\n                                    <\/div>\r\n            <\/div>\r\n                      \r\n            <div class=\"rt-slider-navigation\"><div class=\"rt-slider-prev rts-prev33955\"><i class=\"rt rt-arrow-left-long\"><\/i><\/div><div class=\"rt-slider-next rts-next33955\"><i class=\"rt rt-arrow-right-long\"><\/i><\/div><\/div>\r\n            <script type=\"text\/javascript\"> \r\n                jQuery(document).ready(function(){\r\n                    var swiper3395533955 = new Swiper(\".rt_slider-33955\", {\t\t\t\t\r\n                        slidesPerView: 1,\r\n                                                speed: 1000,\r\n                        slidesPerGroup: 1,\r\n                        loop: false,\r\n                    autoplay: false,\r\n                    spaceBetween:  30,\r\n                    pagination: {\r\n                        el: \".swiper-pagination\",\r\n                        clickable: true,\r\n                        },\r\n                        centeredSlides: false,\r\n                        navigation: {\r\n                            nextEl: \".rts-next33955\",\r\n                            prevEl: \".rts-prev33955\",\r\n                        },\r\n                        breakpoints: {\r\n                            575: { slidesPerView: 1 },767: { slidesPerView: 1 },991: { slidesPerView: 1 },1199: { slidesPerView: 1 },                            1399: {\r\n                                slidesPerView: 1,\r\n                                spaceBetween:  30                            }\r\n                        }\r\n                    });\r\n                });\r\n            <\/script>\r\n        \t\t\t\t<\/div>\n\t\t\t\t<\/div>\n\t\t\t\t\t<\/div>\n\t\t<\/div>\n\t\t\t\t\t<\/div>\n\t\t<\/section>\n\t\t\t\t<\/div>\n\t\t","protected":false},"excerpt":{"rendered":"<p>Star Steel Ceo\u2019nun mesaj\u0131 G\u00fcn\u00fcm\u00fczde bir\u00e7ok insan sevdiklerine g\u00fcvenli bir ortam sa\u011flama konusunda endi\u015fe duymaktad\u0131r ve \u00e7elik \u00fcr\u00fcnleri, otomotiv ve in\u015faat gibi \u00e7e\u015fitli sekt\u00f6rlerdeki t\u00fcketim alanlar\u0131 nedeniyle bu alanlar\u0131n son t\u00fcketicilerinin g\u00fcnl\u00fck zorluklar\u0131n\u0131n bu k\u0131sm\u0131yla yak\u0131ndan ili\u015fkili oldu\u011fundan. Bu nedenle tedarik\u00e7i olarak hizmetlerimizi geni\u015fletmeyi, \u00fcr\u00fcn tedarikimizi art\u0131rmay\u0131 ve pazara sunulan \u00fcr\u00fcnlerin kalitesini her ge\u00e7en g\u00fcn&#8230;<\/p>\n","protected":false},"author":2,"featured_media":0,"parent":0,"menu_order":0,"comment_status":"closed","ping_status":"closed","template":"","meta":{"footnotes":""},"class_list":["post-13105","page","type-page","status-publish","hentry"],"_links":{"self":[{"href":"https:\/\/starsteel.com.tr\/en\/wp-json\/wp\/v2\/pages\/13105","targetHints":{"allow":["GET"]}}],"collection":[{"href":"https:\/\/starsteel.com.tr\/en\/wp-json\/wp\/v2\/pages"}],"about":[{"href":"https:\/\/starsteel.com.tr\/en\/wp-json\/wp\/v2\/types\/page"}],"author":[{"embeddable":true,"href":"https:\/\/starsteel.com.tr\/en\/wp-json\/wp\/v2\/users\/2"}],"replies":[{"embeddable":true,"href":"https:\/\/starsteel.com.tr\/en\/wp-json\/wp\/v2\/comments?post=13105"}],"version-history":[{"count":24,"href":"https:\/\/starsteel.com.tr\/en\/wp-json\/wp\/v2\/pages\/13105\/revisions"}],"predecessor-version":[{"id":13783,"href":"https:\/\/starsteel.com.tr\/en\/wp-json\/wp\/v2\/pages\/13105\/revisions\/13783"}],"wp:attachment":[{"href":"https:\/\/starsteel.com.tr\/en\/wp-json\/wp\/v2\/media?parent=13105"}],"curies":[{"name":"wp","href":"https:\/\/api.w.org\/{rel}","templated":true}]}}