{"id":13293,"date":"2025-05-26T15:42:19","date_gmt":"2025-05-26T12:12:19","guid":{"rendered":"https:\/\/starsteel.com.tr\/news-2\/"},"modified":"2025-09-27T10:45:07","modified_gmt":"2025-09-27T07:15:07","slug":"news","status":"publish","type":"page","link":"https:\/\/starsteel.com.tr\/en\/news\/","title":{"rendered":"news"},"content":{"rendered":"\t\t<div data-elementor-type=\"wp-page\" data-elementor-id=\"13293\" class=\"elementor elementor-13293\" data-elementor-settings=\"{&quot;ha_cmc_init_switcher&quot;:&quot;no&quot;}\" data-elementor-post-type=\"page\">\n\t\t\t\t<div class=\"elementor-element elementor-element-70026a1 e-flex e-con-boxed e-con e-parent\" data-id=\"70026a1\" data-element_type=\"container\" data-settings=\"{&quot;_ha_eqh_enable&quot;:false}\">\n\t\t\t\t\t<div class=\"e-con-inner\">\n\t\t\t\t<div class=\"elementor-element elementor-element-8b07052 elementor-widget elementor-widget-react-blog\" data-id=\"8b07052\" data-element_type=\"widget\" data-widget_type=\"react-blog.default\">\n\t\t\t\t<div class=\"elementor-widget-container\">\n\t\t\t\t\t\r\n\t\t<div class=\"reactheme-blog-grid2x reactheme-blog-grid blog--style3\">            \r\n\r\n            <div class=\"row blog-gird-item\">\r\n                \r\n\t\t\t \t<div class=\"grid-item col-lg-4 col-md-4 col-sm-6  filter_news \">\r\n   <div class=\"align-items-center no-gutter blog-item reactheme-blog-grid1\">     \r\n         <div class=\"blog-inner\">                            \r\n                <div class=\"image-part no\">\r\n                \r\n                    <a href=\"https:\/\/starsteel.com.tr\/en\/visual-report-from-the-final-day-of-metal-expo\/\">\r\n                        <img fetchpriority=\"high\" decoding=\"async\" width=\"640\" height=\"434\" src=\"https:\/\/starsteel.com.tr\/wp-content\/uploads\/2025\/09\/Metal-Expo2025-final-day-1024x695.jpg?wsr\" class=\"attachment-large size-large wp-post-image\" alt=\"\" srcset=\"https:\/\/starsteel.com.tr\/wp-content\/uploads\/2025\/09\/Metal-Expo2025-final-day-1024x695.jpg 1024w, https:\/\/starsteel.com.tr\/wp-content\/uploads\/2025\/09\/Metal-Expo2025-final-day-300x204.jpg 300w, https:\/\/starsteel.com.tr\/wp-content\/uploads\/2025\/09\/Metal-Expo2025-final-day-768x521.jpg 768w, https:\/\/starsteel.com.tr\/wp-content\/uploads\/2025\/09\/Metal-Expo2025-final-day.jpg 1200w\" sizes=\"(max-width: 640px) 100vw, 640px\" \/>                    <\/a> \r\n                                    <\/div>              \r\n            \r\n                <div class=\"blog-content\">                                    \r\n                                            <ul class=\"blog-meta\">\r\n                                                                                        <li>  <i class=\"far fa-clock\"><\/i> 27 September 2025<\/li>\r\n                                                                                                                    \r\n                        <\/ul>\r\n                                                <div class=\"bottom-part\">\r\n                            <div class=\"title dd\"><a href=\"https:\/\/starsteel.com.tr\/en\/visual-report-from-the-final-day-of-metal-expo\/\">Visual report from the final day of Metal Expo<\/a><\/div>\r\n                                                                    <p class=\"txt\">Visual report from the final day of Metal Expo<\/p>\r\n                                                                                            <div class=\"btn-part\">\r\n                                    <a class=\"readon-arrow\" href=\"https:\/\/starsteel.com.tr\/en\/visual-report-from-the-final-day-of-metal-expo\/\">\r\n                                        Read More <i class=\"fa fa fa-angle-right\"><\/i>\r\n                                    <\/a>\r\n                                <\/div>\r\n                                                    <\/div>\r\n                <\/div>          \r\n            <\/div>                      \r\n                                                                \r\n    <\/div>\r\n<\/div>                            \r\n                  \r\n\t\t\t\t\t<div class=\"grid-item col-lg-4 col-md-4 col-sm-6  filter_news \">\r\n   <div class=\"align-items-center no-gutter blog-item reactheme-blog-grid1\">     \r\n         <div class=\"blog-inner\">                            \r\n                <div class=\"image-part no\">\r\n                \r\n                    <a href=\"https:\/\/starsteel.com.tr\/en\/metal-expo-2025-day-3-visual-report\/\">\r\n                        <img decoding=\"async\" width=\"640\" height=\"434\" src=\"https:\/\/starsteel.com.tr\/wp-content\/uploads\/2025\/09\/Metalexpo-2025-Ucuncu-gun-1024x695.jpg?wsr\" class=\"attachment-large size-large wp-post-image\" alt=\"\" srcset=\"https:\/\/starsteel.com.tr\/wp-content\/uploads\/2025\/09\/Metalexpo-2025-Ucuncu-gun-1024x695.jpg 1024w, https:\/\/starsteel.com.tr\/wp-content\/uploads\/2025\/09\/Metalexpo-2025-Ucuncu-gun-300x204.jpg 300w, https:\/\/starsteel.com.tr\/wp-content\/uploads\/2025\/09\/Metalexpo-2025-Ucuncu-gun-768x521.jpg 768w, https:\/\/starsteel.com.tr\/wp-content\/uploads\/2025\/09\/Metalexpo-2025-Ucuncu-gun.jpg 1200w\" sizes=\"(max-width: 640px) 100vw, 640px\" \/>                    <\/a> \r\n                                    <\/div>              \r\n            \r\n                <div class=\"blog-content\">                                    \r\n                                            <ul class=\"blog-meta\">\r\n                                                                                        <li>  <i class=\"far fa-clock\"><\/i> 26 September 2025<\/li>\r\n                                                                                                                    \r\n                        <\/ul>\r\n                                                <div class=\"bottom-part\">\r\n                            <div class=\"title dd\"><a href=\"https:\/\/starsteel.com.tr\/en\/metal-expo-2025-day-3-visual-report\/\">Metal Expo 2025 Day 3 Visual Report<\/a><\/div>\r\n                                                                    <p class=\"txt\">Metal Expo 2025 Day 3 Visual Report<\/p>\r\n                                                                                            <div class=\"btn-part\">\r\n                                    <a class=\"readon-arrow\" href=\"https:\/\/starsteel.com.tr\/en\/metal-expo-2025-day-3-visual-report\/\">\r\n                                        Read More <i class=\"fa fa fa-angle-right\"><\/i>\r\n                                    <\/a>\r\n                                <\/div>\r\n                                                    <\/div>\r\n                <\/div>          \r\n            <\/div>                      \r\n                                                                \r\n    <\/div>\r\n<\/div>                            \r\n                  \r\n\t\t\t\t\t<div class=\"grid-item col-lg-4 col-md-4 col-sm-6  filter_news \">\r\n   <div class=\"align-items-center no-gutter blog-item reactheme-blog-grid1\">     \r\n         <div class=\"blog-inner\">                            \r\n                <div class=\"image-part no\">\r\n                \r\n                    <a href=\"https:\/\/starsteel.com.tr\/en\/metal-expo-2025-visual-report-of-day-2\/\">\r\n                        <img decoding=\"async\" width=\"640\" height=\"434\" src=\"https:\/\/starsteel.com.tr\/wp-content\/uploads\/2025\/09\/Metal-Expo-2025-Ikinci-Gun-1-1024x695.jpg?wsr\" class=\"attachment-large size-large wp-post-image\" alt=\"\" srcset=\"https:\/\/starsteel.com.tr\/wp-content\/uploads\/2025\/09\/Metal-Expo-2025-Ikinci-Gun-1-1024x695.jpg 1024w, https:\/\/starsteel.com.tr\/wp-content\/uploads\/2025\/09\/Metal-Expo-2025-Ikinci-Gun-1-300x204.jpg 300w, https:\/\/starsteel.com.tr\/wp-content\/uploads\/2025\/09\/Metal-Expo-2025-Ikinci-Gun-1-768x521.jpg 768w, https:\/\/starsteel.com.tr\/wp-content\/uploads\/2025\/09\/Metal-Expo-2025-Ikinci-Gun-1.jpg 1200w\" sizes=\"(max-width: 640px) 100vw, 640px\" \/>                    <\/a> \r\n                                    <\/div>              \r\n            \r\n                <div class=\"blog-content\">                                    \r\n                                            <ul class=\"blog-meta\">\r\n                                                                                        <li>  <i class=\"far fa-clock\"><\/i> 25 September 2025<\/li>\r\n                                                                                                                    \r\n                        <\/ul>\r\n                                                <div class=\"bottom-part\">\r\n                            <div class=\"title dd\"><a href=\"https:\/\/starsteel.com.tr\/en\/metal-expo-2025-visual-report-of-day-2\/\">Metal Expo 2025 Day 2 Visual Report<\/a><\/div>\r\n                                                                    <p class=\"txt\">Metal Expo 2025 - Visual Report of day 2<\/p>\r\n                                                                                            <div class=\"btn-part\">\r\n                                    <a class=\"readon-arrow\" href=\"https:\/\/starsteel.com.tr\/en\/metal-expo-2025-visual-report-of-day-2\/\">\r\n                                        Read More <i class=\"fa fa fa-angle-right\"><\/i>\r\n                                    <\/a>\r\n                                <\/div>\r\n                                                    <\/div>\r\n                <\/div>          \r\n            <\/div>                      \r\n                                                                \r\n    <\/div>\r\n<\/div>                            \r\n                  \r\n\t\t\t\t\t<div class=\"grid-item col-lg-4 col-md-4 col-sm-6  filter_news \">\r\n   <div class=\"align-items-center no-gutter blog-item reactheme-blog-grid1\">     \r\n         <div class=\"blog-inner\">                            \r\n                <div class=\"image-part no\">\r\n                \r\n                    <a href=\"https:\/\/starsteel.com.tr\/en\/metal-expo-2025-first-day-visual-report\/\">\r\n                        <img loading=\"lazy\" decoding=\"async\" width=\"640\" height=\"434\" src=\"https:\/\/starsteel.com.tr\/wp-content\/uploads\/2025\/09\/Metal-Expo-2025-8-1024x695.jpg?wsr\" class=\"attachment-large size-large wp-post-image\" alt=\"\" srcset=\"https:\/\/starsteel.com.tr\/wp-content\/uploads\/2025\/09\/Metal-Expo-2025-8-1024x695.jpg 1024w, https:\/\/starsteel.com.tr\/wp-content\/uploads\/2025\/09\/Metal-Expo-2025-8-300x204.jpg 300w, https:\/\/starsteel.com.tr\/wp-content\/uploads\/2025\/09\/Metal-Expo-2025-8-768x521.jpg 768w, https:\/\/starsteel.com.tr\/wp-content\/uploads\/2025\/09\/Metal-Expo-2025-8.jpg 1200w\" sizes=\"(max-width: 640px) 100vw, 640px\" \/>                    <\/a> \r\n                                    <\/div>              \r\n            \r\n                <div class=\"blog-content\">                                    \r\n                                            <ul class=\"blog-meta\">\r\n                                                                                        <li>  <i class=\"far fa-clock\"><\/i> 24 September 2025<\/li>\r\n                                                                                                                    \r\n                        <\/ul>\r\n                                                <div class=\"bottom-part\">\r\n                            <div class=\"title dd\"><a href=\"https:\/\/starsteel.com.tr\/en\/metal-expo-2025-first-day-visual-report\/\">Metal Expo 2025 First Day Visual Report<\/a><\/div>\r\n                                                                    <p class=\"txt\">Metal Expo 2025 First Day Visual Report<\/p>\r\n                                                                                            <div class=\"btn-part\">\r\n                                    <a class=\"readon-arrow\" href=\"https:\/\/starsteel.com.tr\/en\/metal-expo-2025-first-day-visual-report\/\">\r\n                                        Read More <i class=\"fa fa fa-angle-right\"><\/i>\r\n                                    <\/a>\r\n                                <\/div>\r\n                                                    <\/div>\r\n                <\/div>          \r\n            <\/div>                      \r\n                                                                \r\n    <\/div>\r\n<\/div>                            \r\n                  \r\n\t\t\t\t\t<div class=\"grid-item col-lg-4 col-md-4 col-sm-6  filter_news \">\r\n   <div class=\"align-items-center no-gutter blog-item reactheme-blog-grid1\">     \r\n         <div class=\"blog-inner\">                            \r\n                <div class=\"image-part no\">\r\n                \r\n                    <a href=\"https:\/\/starsteel.com.tr\/en\/sixth-metal-expo-2024-istanbul-fair\/\">\r\n                        <img loading=\"lazy\" decoding=\"async\" width=\"640\" height=\"424\" src=\"https:\/\/starsteel.com.tr\/wp-content\/uploads\/2024\/09\/Metal-Expo-2024-1024x678.jpg?wsr\" class=\"attachment-large size-large wp-post-image\" alt=\"\" srcset=\"https:\/\/starsteel.com.tr\/wp-content\/uploads\/2024\/09\/Metal-Expo-2024-1024x678.jpg 1024w, https:\/\/starsteel.com.tr\/wp-content\/uploads\/2024\/09\/Metal-Expo-2024-300x199.jpg 300w, https:\/\/starsteel.com.tr\/wp-content\/uploads\/2024\/09\/Metal-Expo-2024-768x508.jpg 768w, https:\/\/starsteel.com.tr\/wp-content\/uploads\/2024\/09\/Metal-Expo-2024.jpg 1200w\" sizes=\"(max-width: 640px) 100vw, 640px\" \/>                    <\/a> \r\n                                    <\/div>              \r\n            \r\n                <div class=\"blog-content\">                                    \r\n                                            <ul class=\"blog-meta\">\r\n                                                                                        <li>  <i class=\"far fa-clock\"><\/i> 28 September 2024<\/li>\r\n                                                                                                                    \r\n                        <\/ul>\r\n                                                <div class=\"bottom-part\">\r\n                            <div class=\"title dd\"><a href=\"https:\/\/starsteel.com.tr\/en\/sixth-metal-expo-2024-istanbul-fair\/\">Sixth Metal Expo 2024 Istanbul Fair<\/a><\/div>\r\n                                                                    <p class=\"txt\">Alt\u0131nc\u0131 Metal Expo 2024 \u0130stanbul'da<\/p>\r\n                                                                                            <div class=\"btn-part\">\r\n                                    <a class=\"readon-arrow\" href=\"https:\/\/starsteel.com.tr\/en\/sixth-metal-expo-2024-istanbul-fair\/\">\r\n                                        Read More <i class=\"fa fa fa-angle-right\"><\/i>\r\n                                    <\/a>\r\n                                <\/div>\r\n                                                    <\/div>\r\n                <\/div>          \r\n            <\/div>                      \r\n                                                                \r\n    <\/div>\r\n<\/div>                            \r\n                  \r\n\t\t\t\t\t                 \r\n                         \r\n                <\/div>   \r\n                               \r\n            \t    \r\n                              \r\n\t\t<\/div>\r\n\t   \t\t\t\t<\/div>\n\t\t\t\t<\/div>\n\t\t\t\t\t<\/div>\n\t\t\t\t<\/div>\n\t\t\t\t<\/div>\n\t\t","protected":false},"excerpt":{"rendered":"<p>26 Eyl\u00fcl 2025 Metal Expo 2025 Day 3 Visual Report Metal Expo 2025 Day 3 Visual Report Read More 25 Eyl\u00fcl 2025 Metal Expo 2025 Day 2 Visual Report Metal Expo 2025 &#8211; Visual Report of day 2 Read More 24 Eyl\u00fcl 2025 Metal Expo 2025 First Day Visual Report Metal Expo 2025 First Day&#8230;<\/p>\n","protected":false},"author":3,"featured_media":0,"parent":0,"menu_order":0,"comment_status":"closed","ping_status":"closed","template":"","meta":{"footnotes":""},"class_list":["post-13293","page","type-page","status-publish","hentry"],"_links":{"self":[{"href":"https:\/\/starsteel.com.tr\/en\/wp-json\/wp\/v2\/pages\/13293","targetHints":{"allow":["GET"]}}],"collection":[{"href":"https:\/\/starsteel.com.tr\/en\/wp-json\/wp\/v2\/pages"}],"about":[{"href":"https:\/\/starsteel.com.tr\/en\/wp-json\/wp\/v2\/types\/page"}],"author":[{"embeddable":true,"href":"https:\/\/starsteel.com.tr\/en\/wp-json\/wp\/v2\/users\/3"}],"replies":[{"embeddable":true,"href":"https:\/\/starsteel.com.tr\/en\/wp-json\/wp\/v2\/comments?post=13293"}],"version-history":[{"count":11,"href":"https:\/\/starsteel.com.tr\/en\/wp-json\/wp\/v2\/pages\/13293\/revisions"}],"predecessor-version":[{"id":14165,"href":"https:\/\/starsteel.com.tr\/en\/wp-json\/wp\/v2\/pages\/13293\/revisions\/14165"}],"wp:attachment":[{"href":"https:\/\/starsteel.com.tr\/en\/wp-json\/wp\/v2\/media?parent=13293"}],"curies":[{"name":"wp","href":"https:\/\/api.w.org\/{rel}","templated":true}]}}